{"id":406,"date":"2025-08-25T06:02:53","date_gmt":"2025-08-25T06:02:53","guid":{"rendered":"https:\/\/jascommunicati.wpenginepowered.com\/terms-of-use\/"},"modified":"2025-11-24T08:31:03","modified_gmt":"2025-11-24T08:31:03","slug":"conditions-dutilisation","status":"publish","type":"page","link":"https:\/\/www.jascommunications.ca\/fr\/conditions-dutilisation\/","title":{"rendered":"Conditions d\u2019utilisation"},"content":{"rendered":"","protected":false},"excerpt":{"rendered":"","protected":false},"author":2,"featured_media":0,"parent":0,"menu_order":0,"comment_status":"closed","ping_status":"closed","template":"","meta":{"_acf_changed":false,"footnotes":""},"class_list":["post-406","page","type-page","status-publish","hentry"],"acf":[],"yoast_head":"<!-- This site is optimized with the Yoast SEO plugin v26.3 - https:\/\/yoast.com\/wordpress\/plugins\/seo\/ -->\n<title>Conditions d\u2019utilisation - JAS Communications<\/title>\n<meta name=\"robots\" content=\"index, follow, max-snippet:-1, max-image-preview:large, max-video-preview:-1\" \/>\n<link rel=\"canonical\" href=\"https:\/\/www.jascommunications.ca\/fr\/conditions-dutilisation\/\" \/>\n<meta property=\"og:locale\" content=\"fr_FR\" \/>\n<meta property=\"og:type\" content=\"article\" \/>\n<meta property=\"og:title\" content=\"Conditions d\u2019utilisation - JAS Communications\" \/>\n<meta property=\"og:url\" content=\"https:\/\/www.jascommunications.ca\/fr\/conditions-dutilisation\/\" \/>\n<meta property=\"og:site_name\" content=\"JAS Communications\" \/>\n<meta property=\"article:publisher\" content=\"https:\/\/www.facebook.com\/people\/JAS-Communications\/100088859319755\/\" \/>\n<meta property=\"article:modified_time\" content=\"2025-11-24T08:31:03+00:00\" \/>\n<meta name=\"twitter:card\" content=\"summary_large_image\" \/>\n<script type=\"application\/ld+json\" class=\"yoast-schema-graph\">{\"@context\":\"https:\/\/schema.org\",\"@graph\":[{\"@type\":\"WebPage\",\"@id\":\"https:\/\/www.jascommunications.ca\/fr\/conditions-dutilisation\/\",\"url\":\"https:\/\/www.jascommunications.ca\/fr\/conditions-dutilisation\/\",\"name\":\"Conditions d\u2019utilisation - JAS Communications\",\"isPartOf\":{\"@id\":\"https:\/\/www.jascommunications.ca\/#website\"},\"datePublished\":\"2025-08-25T06:02:53+00:00\",\"dateModified\":\"2025-11-24T08:31:03+00:00\",\"breadcrumb\":{\"@id\":\"https:\/\/www.jascommunications.ca\/fr\/conditions-dutilisation\/#breadcrumb\"},\"inLanguage\":\"fr-FR\",\"potentialAction\":[{\"@type\":\"ReadAction\",\"target\":[\"https:\/\/www.jascommunications.ca\/fr\/conditions-dutilisation\/\"]}]},{\"@type\":\"BreadcrumbList\",\"@id\":\"https:\/\/www.jascommunications.ca\/fr\/conditions-dutilisation\/#breadcrumb\",\"itemListElement\":[{\"@type\":\"ListItem\",\"position\":1,\"name\":\"Home\",\"item\":\"https:\/\/www.jascommunications.ca\/fr\/\"},{\"@type\":\"ListItem\",\"position\":2,\"name\":\"Conditions d\u2019utilisation\"}]},{\"@type\":\"WebSite\",\"@id\":\"https:\/\/www.jascommunications.ca\/#website\",\"url\":\"https:\/\/www.jascommunications.ca\/\",\"name\":\"JAS Communications\",\"description\":\"Le syst\u00e8me t\u00e9l\u00e9phonique le plus fiable pour l\u2019industrie de l\u2019assurance\",\"publisher\":{\"@id\":\"https:\/\/www.jascommunications.ca\/#organization\"},\"potentialAction\":[{\"@type\":\"SearchAction\",\"target\":{\"@type\":\"EntryPoint\",\"urlTemplate\":\"https:\/\/www.jascommunications.ca\/?s={search_term_string}\"},\"query-input\":{\"@type\":\"PropertyValueSpecification\",\"valueRequired\":true,\"valueName\":\"search_term_string\"}}],\"inLanguage\":\"fr-FR\"},{\"@type\":\"Organization\",\"@id\":\"https:\/\/www.jascommunications.ca\/#organization\",\"name\":\"JAS Communications\",\"url\":\"https:\/\/www.jascommunications.ca\/\",\"logo\":{\"@type\":\"ImageObject\",\"inLanguage\":\"fr-FR\",\"@id\":\"https:\/\/www.jascommunications.ca\/#\/schema\/logo\/image\/\",\"url\":\"https:\/\/www.jascommunications.ca\/wp-content\/uploads\/2025\/08\/logo-jas-communications.png\",\"contentUrl\":\"https:\/\/www.jascommunications.ca\/wp-content\/uploads\/2025\/08\/logo-jas-communications.png\",\"width\":728,\"height\":245,\"caption\":\"JAS Communications\"},\"image\":{\"@id\":\"https:\/\/www.jascommunications.ca\/#\/schema\/logo\/image\/\"},\"sameAs\":[\"https:\/\/www.facebook.com\/people\/JAS-Communications\/100088859319755\/\"]}]}<\/script>\n<!-- \/ Yoast SEO plugin. -->","yoast_head_json":{"title":"Conditions d\u2019utilisation - JAS Communications","robots":{"index":"index","follow":"follow","max-snippet":"max-snippet:-1","max-image-preview":"max-image-preview:large","max-video-preview":"max-video-preview:-1"},"canonical":"https:\/\/www.jascommunications.ca\/fr\/conditions-dutilisation\/","og_locale":"fr_FR","og_type":"article","og_title":"Conditions d\u2019utilisation - JAS Communications","og_url":"https:\/\/www.jascommunications.ca\/fr\/conditions-dutilisation\/","og_site_name":"JAS Communications","article_publisher":"https:\/\/www.facebook.com\/people\/JAS-Communications\/100088859319755\/","article_modified_time":"2025-11-24T08:31:03+00:00","twitter_card":"summary_large_image","schema":{"@context":"https:\/\/schema.org","@graph":[{"@type":"WebPage","@id":"https:\/\/www.jascommunications.ca\/fr\/conditions-dutilisation\/","url":"https:\/\/www.jascommunications.ca\/fr\/conditions-dutilisation\/","name":"Conditions d\u2019utilisation - JAS Communications","isPartOf":{"@id":"https:\/\/www.jascommunications.ca\/#website"},"datePublished":"2025-08-25T06:02:53+00:00","dateModified":"2025-11-24T08:31:03+00:00","breadcrumb":{"@id":"https:\/\/www.jascommunications.ca\/fr\/conditions-dutilisation\/#breadcrumb"},"inLanguage":"fr-FR","potentialAction":[{"@type":"ReadAction","target":["https:\/\/www.jascommunications.ca\/fr\/conditions-dutilisation\/"]}]},{"@type":"BreadcrumbList","@id":"https:\/\/www.jascommunications.ca\/fr\/conditions-dutilisation\/#breadcrumb","itemListElement":[{"@type":"ListItem","position":1,"name":"Home","item":"https:\/\/www.jascommunications.ca\/fr\/"},{"@type":"ListItem","position":2,"name":"Conditions d\u2019utilisation"}]},{"@type":"WebSite","@id":"https:\/\/www.jascommunications.ca\/#website","url":"https:\/\/www.jascommunications.ca\/","name":"JAS Communications","description":"Le syst\u00e8me t\u00e9l\u00e9phonique le plus fiable pour l\u2019industrie de l\u2019assurance","publisher":{"@id":"https:\/\/www.jascommunications.ca\/#organization"},"potentialAction":[{"@type":"SearchAction","target":{"@type":"EntryPoint","urlTemplate":"https:\/\/www.jascommunications.ca\/?s={search_term_string}"},"query-input":{"@type":"PropertyValueSpecification","valueRequired":true,"valueName":"search_term_string"}}],"inLanguage":"fr-FR"},{"@type":"Organization","@id":"https:\/\/www.jascommunications.ca\/#organization","name":"JAS Communications","url":"https:\/\/www.jascommunications.ca\/","logo":{"@type":"ImageObject","inLanguage":"fr-FR","@id":"https:\/\/www.jascommunications.ca\/#\/schema\/logo\/image\/","url":"https:\/\/www.jascommunications.ca\/wp-content\/uploads\/2025\/08\/logo-jas-communications.png","contentUrl":"https:\/\/www.jascommunications.ca\/wp-content\/uploads\/2025\/08\/logo-jas-communications.png","width":728,"height":245,"caption":"JAS Communications"},"image":{"@id":"https:\/\/www.jascommunications.ca\/#\/schema\/logo\/image\/"},"sameAs":["https:\/\/www.facebook.com\/people\/JAS-Communications\/100088859319755\/"]}]}},"_links":{"self":[{"href":"https:\/\/www.jascommunications.ca\/fr\/wp-json\/wp\/v2\/pages\/406","targetHints":{"allow":["GET"]}}],"collection":[{"href":"https:\/\/www.jascommunications.ca\/fr\/wp-json\/wp\/v2\/pages"}],"about":[{"href":"https:\/\/www.jascommunications.ca\/fr\/wp-json\/wp\/v2\/types\/page"}],"author":[{"embeddable":true,"href":"https:\/\/www.jascommunications.ca\/fr\/wp-json\/wp\/v2\/users\/2"}],"replies":[{"embeddable":true,"href":"https:\/\/www.jascommunications.ca\/fr\/wp-json\/wp\/v2\/comments?post=406"}],"version-history":[{"count":0,"href":"https:\/\/www.jascommunications.ca\/fr\/wp-json\/wp\/v2\/pages\/406\/revisions"}],"wp:attachment":[{"href":"https:\/\/www.jascommunications.ca\/fr\/wp-json\/wp\/v2\/media?parent=406"}],"curies":[{"name":"wp","href":"https:\/\/api.w.org\/{rel}","templated":true}]}}