{"id":403,"date":"2025-08-22T09:56:19","date_gmt":"2025-08-22T09:56:19","guid":{"rendered":"https:\/\/jascommunicati.wpenginepowered.com\/insurance-solutions\/"},"modified":"2025-11-17T14:59:14","modified_gmt":"2025-11-17T14:59:14","slug":"solutions-pour-compagnies-dassurance","status":"publish","type":"page","link":"https:\/\/www.jascommunications.ca\/fr\/solutions-pour-compagnies-dassurance\/","title":{"rendered":"Solutions pour compagnies d\u2019assurance"},"content":{"rendered":"","protected":false},"excerpt":{"rendered":"","protected":false},"author":2,"featured_media":0,"parent":0,"menu_order":0,"comment_status":"closed","ping_status":"closed","template":"","meta":{"_acf_changed":false,"footnotes":""},"class_list":["post-403","page","type-page","status-publish","hentry"],"acf":[],"yoast_head":"<!-- This site is optimized with the Yoast SEO plugin v26.3 - https:\/\/yoast.com\/wordpress\/plugins\/seo\/ -->\n<title>Solutions de t\u00e9l\u00e9phonie pour les professionnels de l\u2019assurance \u2013 JAS<\/title>\n<meta name=\"description\" content=\"Simplifiez vos communications avec une plateforme VoIP s\u00e9curis\u00e9e, int\u00e9gr\u00e9e \u00e0 vos syst\u00e8mes d\u2019assurance.\" \/>\n<meta name=\"robots\" content=\"index, follow, max-snippet:-1, max-image-preview:large, max-video-preview:-1\" \/>\n<link rel=\"canonical\" href=\"https:\/\/www.jascommunications.ca\/fr\/solutions-pour-compagnies-dassurance\/\" \/>\n<meta property=\"og:locale\" content=\"fr_FR\" \/>\n<meta property=\"og:type\" content=\"article\" \/>\n<meta property=\"og:title\" content=\"Solutions de t\u00e9l\u00e9phonie pour les professionnels de l\u2019assurance \u2013 JAS\" \/>\n<meta property=\"og:description\" content=\"Simplifiez vos communications avec une plateforme VoIP s\u00e9curis\u00e9e, int\u00e9gr\u00e9e \u00e0 vos syst\u00e8mes d\u2019assurance.\" \/>\n<meta property=\"og:url\" content=\"https:\/\/www.jascommunications.ca\/fr\/solutions-pour-compagnies-dassurance\/\" \/>\n<meta property=\"og:site_name\" content=\"JAS Communications\" \/>\n<meta property=\"article:publisher\" content=\"https:\/\/www.facebook.com\/people\/JAS-Communications\/100088859319755\/\" \/>\n<meta property=\"article:modified_time\" content=\"2025-11-17T14:59:14+00:00\" \/>\n<meta property=\"og:image\" content=\"https:\/\/www.jascommunications.ca\/wp-content\/uploads\/2025\/10\/img-solutions-integrations-2.webp\" \/>\n\t<meta property=\"og:image:width\" content=\"1136\" \/>\n\t<meta property=\"og:image:height\" content=\"830\" \/>\n\t<meta property=\"og:image:type\" content=\"image\/webp\" \/>\n<meta name=\"twitter:card\" content=\"summary_large_image\" \/>\n<meta name=\"twitter:title\" content=\"Solutions de t\u00e9l\u00e9phonie pour les professionnels de l\u2019assurance \u2013 JAS\" \/>\n<meta name=\"twitter:description\" content=\"Simplifiez vos communications avec une plateforme VoIP s\u00e9curis\u00e9e, int\u00e9gr\u00e9e \u00e0 vos syst\u00e8mes d\u2019assurance.\" \/>\n<meta name=\"twitter:image\" content=\"https:\/\/www.jascommunications.ca\/wp-content\/uploads\/2025\/10\/img-solutions-integrations-2.webp\" \/>\n<script type=\"application\/ld+json\" class=\"yoast-schema-graph\">{\"@context\":\"https:\/\/schema.org\",\"@graph\":[{\"@type\":\"WebPage\",\"@id\":\"https:\/\/www.jascommunications.ca\/fr\/solutions-pour-compagnies-dassurance\/\",\"url\":\"https:\/\/www.jascommunications.ca\/fr\/solutions-pour-compagnies-dassurance\/\",\"name\":\"Solutions de t\u00e9l\u00e9phonie pour les professionnels de l\u2019assurance \u2013 JAS\",\"isPartOf\":{\"@id\":\"https:\/\/www.jascommunications.ca\/#website\"},\"datePublished\":\"2025-08-22T09:56:19+00:00\",\"dateModified\":\"2025-11-17T14:59:14+00:00\",\"description\":\"Simplifiez vos communications avec une plateforme VoIP s\u00e9curis\u00e9e, int\u00e9gr\u00e9e \u00e0 vos syst\u00e8mes d\u2019assurance.\",\"breadcrumb\":{\"@id\":\"https:\/\/www.jascommunications.ca\/fr\/solutions-pour-compagnies-dassurance\/#breadcrumb\"},\"inLanguage\":\"fr-FR\",\"potentialAction\":[{\"@type\":\"ReadAction\",\"target\":[\"https:\/\/www.jascommunications.ca\/fr\/solutions-pour-compagnies-dassurance\/\"]}]},{\"@type\":\"BreadcrumbList\",\"@id\":\"https:\/\/www.jascommunications.ca\/fr\/solutions-pour-compagnies-dassurance\/#breadcrumb\",\"itemListElement\":[{\"@type\":\"ListItem\",\"position\":1,\"name\":\"Home\",\"item\":\"https:\/\/www.jascommunications.ca\/fr\/\"},{\"@type\":\"ListItem\",\"position\":2,\"name\":\"Solutions pour compagnies d\u2019assurance\"}]},{\"@type\":\"WebSite\",\"@id\":\"https:\/\/www.jascommunications.ca\/#website\",\"url\":\"https:\/\/www.jascommunications.ca\/\",\"name\":\"JAS Communications\",\"description\":\"Le syst\u00e8me t\u00e9l\u00e9phonique le plus fiable pour l\u2019industrie de l\u2019assurance\",\"publisher\":{\"@id\":\"https:\/\/www.jascommunications.ca\/#organization\"},\"potentialAction\":[{\"@type\":\"SearchAction\",\"target\":{\"@type\":\"EntryPoint\",\"urlTemplate\":\"https:\/\/www.jascommunications.ca\/?s={search_term_string}\"},\"query-input\":{\"@type\":\"PropertyValueSpecification\",\"valueRequired\":true,\"valueName\":\"search_term_string\"}}],\"inLanguage\":\"fr-FR\"},{\"@type\":\"Organization\",\"@id\":\"https:\/\/www.jascommunications.ca\/#organization\",\"name\":\"JAS Communications\",\"url\":\"https:\/\/www.jascommunications.ca\/\",\"logo\":{\"@type\":\"ImageObject\",\"inLanguage\":\"fr-FR\",\"@id\":\"https:\/\/www.jascommunications.ca\/#\/schema\/logo\/image\/\",\"url\":\"https:\/\/www.jascommunications.ca\/wp-content\/uploads\/2025\/08\/logo-jas-communications.png\",\"contentUrl\":\"https:\/\/www.jascommunications.ca\/wp-content\/uploads\/2025\/08\/logo-jas-communications.png\",\"width\":728,\"height\":245,\"caption\":\"JAS Communications\"},\"image\":{\"@id\":\"https:\/\/www.jascommunications.ca\/#\/schema\/logo\/image\/\"},\"sameAs\":[\"https:\/\/www.facebook.com\/people\/JAS-Communications\/100088859319755\/\"]}]}<\/script>\n<!-- \/ Yoast SEO plugin. -->","yoast_head_json":{"title":"Solutions de t\u00e9l\u00e9phonie pour les professionnels de l\u2019assurance \u2013 JAS","description":"Simplifiez vos communications avec une plateforme VoIP s\u00e9curis\u00e9e, int\u00e9gr\u00e9e \u00e0 vos syst\u00e8mes d\u2019assurance.","robots":{"index":"index","follow":"follow","max-snippet":"max-snippet:-1","max-image-preview":"max-image-preview:large","max-video-preview":"max-video-preview:-1"},"canonical":"https:\/\/www.jascommunications.ca\/fr\/solutions-pour-compagnies-dassurance\/","og_locale":"fr_FR","og_type":"article","og_title":"Solutions de t\u00e9l\u00e9phonie pour les professionnels de l\u2019assurance \u2013 JAS","og_description":"Simplifiez vos communications avec une plateforme VoIP s\u00e9curis\u00e9e, int\u00e9gr\u00e9e \u00e0 vos syst\u00e8mes d\u2019assurance.","og_url":"https:\/\/www.jascommunications.ca\/fr\/solutions-pour-compagnies-dassurance\/","og_site_name":"JAS Communications","article_publisher":"https:\/\/www.facebook.com\/people\/JAS-Communications\/100088859319755\/","article_modified_time":"2025-11-17T14:59:14+00:00","og_image":[{"width":1136,"height":830,"url":"https:\/\/www.jascommunications.ca\/wp-content\/uploads\/2025\/10\/img-solutions-integrations-2.webp","type":"image\/webp"}],"twitter_card":"summary_large_image","twitter_title":"Solutions de t\u00e9l\u00e9phonie pour les professionnels de l\u2019assurance \u2013 JAS","twitter_description":"Simplifiez vos communications avec une plateforme VoIP s\u00e9curis\u00e9e, int\u00e9gr\u00e9e \u00e0 vos syst\u00e8mes d\u2019assurance.","twitter_image":"https:\/\/www.jascommunications.ca\/wp-content\/uploads\/2025\/10\/img-solutions-integrations-2.webp","schema":{"@context":"https:\/\/schema.org","@graph":[{"@type":"WebPage","@id":"https:\/\/www.jascommunications.ca\/fr\/solutions-pour-compagnies-dassurance\/","url":"https:\/\/www.jascommunications.ca\/fr\/solutions-pour-compagnies-dassurance\/","name":"Solutions de t\u00e9l\u00e9phonie pour les professionnels de l\u2019assurance \u2013 JAS","isPartOf":{"@id":"https:\/\/www.jascommunications.ca\/#website"},"datePublished":"2025-08-22T09:56:19+00:00","dateModified":"2025-11-17T14:59:14+00:00","description":"Simplifiez vos communications avec une plateforme VoIP s\u00e9curis\u00e9e, int\u00e9gr\u00e9e \u00e0 vos syst\u00e8mes d\u2019assurance.","breadcrumb":{"@id":"https:\/\/www.jascommunications.ca\/fr\/solutions-pour-compagnies-dassurance\/#breadcrumb"},"inLanguage":"fr-FR","potentialAction":[{"@type":"ReadAction","target":["https:\/\/www.jascommunications.ca\/fr\/solutions-pour-compagnies-dassurance\/"]}]},{"@type":"BreadcrumbList","@id":"https:\/\/www.jascommunications.ca\/fr\/solutions-pour-compagnies-dassurance\/#breadcrumb","itemListElement":[{"@type":"ListItem","position":1,"name":"Home","item":"https:\/\/www.jascommunications.ca\/fr\/"},{"@type":"ListItem","position":2,"name":"Solutions pour compagnies d\u2019assurance"}]},{"@type":"WebSite","@id":"https:\/\/www.jascommunications.ca\/#website","url":"https:\/\/www.jascommunications.ca\/","name":"JAS Communications","description":"Le syst\u00e8me t\u00e9l\u00e9phonique le plus fiable pour l\u2019industrie de l\u2019assurance","publisher":{"@id":"https:\/\/www.jascommunications.ca\/#organization"},"potentialAction":[{"@type":"SearchAction","target":{"@type":"EntryPoint","urlTemplate":"https:\/\/www.jascommunications.ca\/?s={search_term_string}"},"query-input":{"@type":"PropertyValueSpecification","valueRequired":true,"valueName":"search_term_string"}}],"inLanguage":"fr-FR"},{"@type":"Organization","@id":"https:\/\/www.jascommunications.ca\/#organization","name":"JAS Communications","url":"https:\/\/www.jascommunications.ca\/","logo":{"@type":"ImageObject","inLanguage":"fr-FR","@id":"https:\/\/www.jascommunications.ca\/#\/schema\/logo\/image\/","url":"https:\/\/www.jascommunications.ca\/wp-content\/uploads\/2025\/08\/logo-jas-communications.png","contentUrl":"https:\/\/www.jascommunications.ca\/wp-content\/uploads\/2025\/08\/logo-jas-communications.png","width":728,"height":245,"caption":"JAS Communications"},"image":{"@id":"https:\/\/www.jascommunications.ca\/#\/schema\/logo\/image\/"},"sameAs":["https:\/\/www.facebook.com\/people\/JAS-Communications\/100088859319755\/"]}]}},"_links":{"self":[{"href":"https:\/\/www.jascommunications.ca\/fr\/wp-json\/wp\/v2\/pages\/403","targetHints":{"allow":["GET"]}}],"collection":[{"href":"https:\/\/www.jascommunications.ca\/fr\/wp-json\/wp\/v2\/pages"}],"about":[{"href":"https:\/\/www.jascommunications.ca\/fr\/wp-json\/wp\/v2\/types\/page"}],"author":[{"embeddable":true,"href":"https:\/\/www.jascommunications.ca\/fr\/wp-json\/wp\/v2\/users\/2"}],"replies":[{"embeddable":true,"href":"https:\/\/www.jascommunications.ca\/fr\/wp-json\/wp\/v2\/comments?post=403"}],"version-history":[{"count":0,"href":"https:\/\/www.jascommunications.ca\/fr\/wp-json\/wp\/v2\/pages\/403\/revisions"}],"wp:attachment":[{"href":"https:\/\/www.jascommunications.ca\/fr\/wp-json\/wp\/v2\/media?parent=403"}],"curies":[{"name":"wp","href":"https:\/\/api.w.org\/{rel}","templated":true}]}}