{"id":402,"date":"2025-08-22T09:56:31","date_gmt":"2025-08-22T09:56:31","guid":{"rendered":"https:\/\/jascommunicati.wpenginepowered.com\/get-started\/"},"modified":"2025-11-20T17:01:23","modified_gmt":"2025-11-20T17:01:23","slug":"commencer","status":"publish","type":"page","link":"https:\/\/www.jascommunications.ca\/fr\/commencer\/","title":{"rendered":"Commencer"},"content":{"rendered":"","protected":false},"excerpt":{"rendered":"","protected":false},"author":2,"featured_media":0,"parent":0,"menu_order":0,"comment_status":"closed","ping_status":"closed","template":"","meta":{"_acf_changed":false,"footnotes":""},"class_list":["post-402","page","type-page","status-publish","hentry"],"acf":[],"yoast_head":"<!-- This site is optimized with the Yoast SEO plugin v26.3 - https:\/\/yoast.com\/wordpress\/plugins\/seo\/ -->\n<title>Forfaits et tarification JAS \u2013 Syst\u00e8mes t\u00e9l\u00e9phoniques pour assurances<\/title>\n<meta name=\"description\" content=\"Choisissez le forfait id\u00e9al pour votre courtage : Professionnel, Entreprise ou Ultime.\" \/>\n<meta name=\"robots\" content=\"index, follow, max-snippet:-1, max-image-preview:large, max-video-preview:-1\" \/>\n<link rel=\"canonical\" href=\"https:\/\/www.jascommunications.ca\/fr\/commencer\/\" \/>\n<meta property=\"og:locale\" content=\"fr_FR\" \/>\n<meta property=\"og:type\" content=\"article\" \/>\n<meta property=\"og:title\" content=\"Forfaits et tarification JAS \u2013 Syst\u00e8mes t\u00e9l\u00e9phoniques pour assurances\" \/>\n<meta property=\"og:description\" content=\"Choisissez le forfait id\u00e9al pour votre courtage : Professionnel, Entreprise ou Ultime.\" \/>\n<meta property=\"og:url\" content=\"https:\/\/www.jascommunications.ca\/fr\/commencer\/\" \/>\n<meta property=\"og:site_name\" content=\"JAS Communications\" \/>\n<meta property=\"article:publisher\" content=\"https:\/\/www.facebook.com\/people\/JAS-Communications\/100088859319755\/\" \/>\n<meta property=\"article:modified_time\" content=\"2025-11-20T17:01:23+00:00\" \/>\n<meta property=\"og:image\" content=\"https:\/\/www.jascommunications.ca\/wp-content\/uploads\/2025\/10\/img-solutions-compliance-2.jpg\" \/>\n\t<meta property=\"og:image:width\" content=\"1136\" \/>\n\t<meta property=\"og:image:height\" content=\"830\" \/>\n\t<meta property=\"og:image:type\" content=\"image\/jpeg\" \/>\n<meta name=\"twitter:card\" content=\"summary_large_image\" \/>\n<meta name=\"twitter:title\" content=\"Forfaits et tarification JAS \u2013 Syst\u00e8mes t\u00e9l\u00e9phoniques pour assurances\" \/>\n<meta name=\"twitter:description\" content=\"Choisissez le forfait id\u00e9al pour votre courtage : Professionnel, Entreprise ou Ultime.\" \/>\n<meta name=\"twitter:image\" content=\"https:\/\/www.jascommunications.ca\/wp-content\/uploads\/2025\/10\/img-solutions-compliance-2.jpg\" \/>\n<script type=\"application\/ld+json\" class=\"yoast-schema-graph\">{\"@context\":\"https:\/\/schema.org\",\"@graph\":[{\"@type\":\"WebPage\",\"@id\":\"https:\/\/www.jascommunications.ca\/fr\/commencer\/\",\"url\":\"https:\/\/www.jascommunications.ca\/fr\/commencer\/\",\"name\":\"Forfaits et tarification JAS \u2013 Syst\u00e8mes t\u00e9l\u00e9phoniques pour assurances\",\"isPartOf\":{\"@id\":\"https:\/\/www.jascommunications.ca\/#website\"},\"datePublished\":\"2025-08-22T09:56:31+00:00\",\"dateModified\":\"2025-11-20T17:01:23+00:00\",\"description\":\"Choisissez le forfait id\u00e9al pour votre courtage : Professionnel, Entreprise ou Ultime.\",\"breadcrumb\":{\"@id\":\"https:\/\/www.jascommunications.ca\/fr\/commencer\/#breadcrumb\"},\"inLanguage\":\"fr-FR\",\"potentialAction\":[{\"@type\":\"ReadAction\",\"target\":[\"https:\/\/www.jascommunications.ca\/fr\/commencer\/\"]}]},{\"@type\":\"BreadcrumbList\",\"@id\":\"https:\/\/www.jascommunications.ca\/fr\/commencer\/#breadcrumb\",\"itemListElement\":[{\"@type\":\"ListItem\",\"position\":1,\"name\":\"Home\",\"item\":\"https:\/\/www.jascommunications.ca\/fr\/\"},{\"@type\":\"ListItem\",\"position\":2,\"name\":\"Commencer\"}]},{\"@type\":\"WebSite\",\"@id\":\"https:\/\/www.jascommunications.ca\/#website\",\"url\":\"https:\/\/www.jascommunications.ca\/\",\"name\":\"JAS Communications\",\"description\":\"Le syst\u00e8me t\u00e9l\u00e9phonique le plus fiable pour l\u2019industrie de l\u2019assurance\",\"publisher\":{\"@id\":\"https:\/\/www.jascommunications.ca\/#organization\"},\"potentialAction\":[{\"@type\":\"SearchAction\",\"target\":{\"@type\":\"EntryPoint\",\"urlTemplate\":\"https:\/\/www.jascommunications.ca\/?s={search_term_string}\"},\"query-input\":{\"@type\":\"PropertyValueSpecification\",\"valueRequired\":true,\"valueName\":\"search_term_string\"}}],\"inLanguage\":\"fr-FR\"},{\"@type\":\"Organization\",\"@id\":\"https:\/\/www.jascommunications.ca\/#organization\",\"name\":\"JAS Communications\",\"url\":\"https:\/\/www.jascommunications.ca\/\",\"logo\":{\"@type\":\"ImageObject\",\"inLanguage\":\"fr-FR\",\"@id\":\"https:\/\/www.jascommunications.ca\/#\/schema\/logo\/image\/\",\"url\":\"https:\/\/www.jascommunications.ca\/wp-content\/uploads\/2025\/08\/logo-jas-communications.png\",\"contentUrl\":\"https:\/\/www.jascommunications.ca\/wp-content\/uploads\/2025\/08\/logo-jas-communications.png\",\"width\":728,\"height\":245,\"caption\":\"JAS Communications\"},\"image\":{\"@id\":\"https:\/\/www.jascommunications.ca\/#\/schema\/logo\/image\/\"},\"sameAs\":[\"https:\/\/www.facebook.com\/people\/JAS-Communications\/100088859319755\/\"]}]}<\/script>\n<!-- \/ Yoast SEO plugin. -->","yoast_head_json":{"title":"Forfaits et tarification JAS \u2013 Syst\u00e8mes t\u00e9l\u00e9phoniques pour assurances","description":"Choisissez le forfait id\u00e9al pour votre courtage : Professionnel, Entreprise ou Ultime.","robots":{"index":"index","follow":"follow","max-snippet":"max-snippet:-1","max-image-preview":"max-image-preview:large","max-video-preview":"max-video-preview:-1"},"canonical":"https:\/\/www.jascommunications.ca\/fr\/commencer\/","og_locale":"fr_FR","og_type":"article","og_title":"Forfaits et tarification JAS \u2013 Syst\u00e8mes t\u00e9l\u00e9phoniques pour assurances","og_description":"Choisissez le forfait id\u00e9al pour votre courtage : Professionnel, Entreprise ou Ultime.","og_url":"https:\/\/www.jascommunications.ca\/fr\/commencer\/","og_site_name":"JAS Communications","article_publisher":"https:\/\/www.facebook.com\/people\/JAS-Communications\/100088859319755\/","article_modified_time":"2025-11-20T17:01:23+00:00","og_image":[{"width":1136,"height":830,"url":"https:\/\/www.jascommunications.ca\/wp-content\/uploads\/2025\/10\/img-solutions-compliance-2.jpg","type":"image\/jpeg"}],"twitter_card":"summary_large_image","twitter_title":"Forfaits et tarification JAS \u2013 Syst\u00e8mes t\u00e9l\u00e9phoniques pour assurances","twitter_description":"Choisissez le forfait id\u00e9al pour votre courtage : Professionnel, Entreprise ou Ultime.","twitter_image":"https:\/\/www.jascommunications.ca\/wp-content\/uploads\/2025\/10\/img-solutions-compliance-2.jpg","schema":{"@context":"https:\/\/schema.org","@graph":[{"@type":"WebPage","@id":"https:\/\/www.jascommunications.ca\/fr\/commencer\/","url":"https:\/\/www.jascommunications.ca\/fr\/commencer\/","name":"Forfaits et tarification JAS \u2013 Syst\u00e8mes t\u00e9l\u00e9phoniques pour assurances","isPartOf":{"@id":"https:\/\/www.jascommunications.ca\/#website"},"datePublished":"2025-08-22T09:56:31+00:00","dateModified":"2025-11-20T17:01:23+00:00","description":"Choisissez le forfait id\u00e9al pour votre courtage : Professionnel, Entreprise ou Ultime.","breadcrumb":{"@id":"https:\/\/www.jascommunications.ca\/fr\/commencer\/#breadcrumb"},"inLanguage":"fr-FR","potentialAction":[{"@type":"ReadAction","target":["https:\/\/www.jascommunications.ca\/fr\/commencer\/"]}]},{"@type":"BreadcrumbList","@id":"https:\/\/www.jascommunications.ca\/fr\/commencer\/#breadcrumb","itemListElement":[{"@type":"ListItem","position":1,"name":"Home","item":"https:\/\/www.jascommunications.ca\/fr\/"},{"@type":"ListItem","position":2,"name":"Commencer"}]},{"@type":"WebSite","@id":"https:\/\/www.jascommunications.ca\/#website","url":"https:\/\/www.jascommunications.ca\/","name":"JAS Communications","description":"Le syst\u00e8me t\u00e9l\u00e9phonique le plus fiable pour l\u2019industrie de l\u2019assurance","publisher":{"@id":"https:\/\/www.jascommunications.ca\/#organization"},"potentialAction":[{"@type":"SearchAction","target":{"@type":"EntryPoint","urlTemplate":"https:\/\/www.jascommunications.ca\/?s={search_term_string}"},"query-input":{"@type":"PropertyValueSpecification","valueRequired":true,"valueName":"search_term_string"}}],"inLanguage":"fr-FR"},{"@type":"Organization","@id":"https:\/\/www.jascommunications.ca\/#organization","name":"JAS Communications","url":"https:\/\/www.jascommunications.ca\/","logo":{"@type":"ImageObject","inLanguage":"fr-FR","@id":"https:\/\/www.jascommunications.ca\/#\/schema\/logo\/image\/","url":"https:\/\/www.jascommunications.ca\/wp-content\/uploads\/2025\/08\/logo-jas-communications.png","contentUrl":"https:\/\/www.jascommunications.ca\/wp-content\/uploads\/2025\/08\/logo-jas-communications.png","width":728,"height":245,"caption":"JAS Communications"},"image":{"@id":"https:\/\/www.jascommunications.ca\/#\/schema\/logo\/image\/"},"sameAs":["https:\/\/www.facebook.com\/people\/JAS-Communications\/100088859319755\/"]}]}},"_links":{"self":[{"href":"https:\/\/www.jascommunications.ca\/fr\/wp-json\/wp\/v2\/pages\/402","targetHints":{"allow":["GET"]}}],"collection":[{"href":"https:\/\/www.jascommunications.ca\/fr\/wp-json\/wp\/v2\/pages"}],"about":[{"href":"https:\/\/www.jascommunications.ca\/fr\/wp-json\/wp\/v2\/types\/page"}],"author":[{"embeddable":true,"href":"https:\/\/www.jascommunications.ca\/fr\/wp-json\/wp\/v2\/users\/2"}],"replies":[{"embeddable":true,"href":"https:\/\/www.jascommunications.ca\/fr\/wp-json\/wp\/v2\/comments?post=402"}],"version-history":[{"count":0,"href":"https:\/\/www.jascommunications.ca\/fr\/wp-json\/wp\/v2\/pages\/402\/revisions"}],"wp:attachment":[{"href":"https:\/\/www.jascommunications.ca\/fr\/wp-json\/wp\/v2\/media?parent=402"}],"curies":[{"name":"wp","href":"https:\/\/api.w.org\/{rel}","templated":true}]}}